{"id":1279,"date":"2020-08-01T15:31:26","date_gmt":"2020-08-01T15:31:26","guid":{"rendered":"https:\/\/sanicarter.it\/?page_id=1279"},"modified":"2020-10-26T06:21:21","modified_gmt":"2020-10-26T06:21:21","slug":"chi-siamo","status":"publish","type":"page","link":"https:\/\/sanicarter.it\/en\/about-us\/","title":{"rendered":"Who we are"},"content":{"rendered":"<div data-elementor-type=\"wp-page\" data-elementor-id=\"1279\" class=\"elementor elementor-1279\">\n\t\t\t\t\t\t<div class=\"elementor-inner\">\n\t\t\t\t<div class=\"elementor-section-wrap\">\n\t\t\t\t\t\t\t\t\t<section class=\"elementor-section elementor-top-section elementor-element elementor-element-4497ca6 elementor-section-content-middle elementor-section-boxed elementor-section-height-default elementor-section-height-default\" data-id=\"4497ca6\" data-element_type=\"section\" data-settings=\"{&quot;background_background&quot;:&quot;classic&quot;,&quot;_ha_eqh_enable&quot;:false}\">\n\t\t\t\t\t\t<div class=\"elementor-container elementor-column-gap-default\">\n\t\t\t\t\t\t\t<div class=\"elementor-row\">\n\t\t\t\t\t<div class=\"elementor-column elementor-col-100 elementor-top-column elementor-element elementor-element-1663c2e\" data-id=\"1663c2e\" data-element_type=\"column\">\n\t\t\t<div class=\"elementor-column-wrap elementor-element-populated\">\n\t\t\t\t\t\t\t<div class=\"elementor-widget-wrap\">\n\t\t\t\t\t\t<div class=\"elementor-element elementor-element-86b4103 elementor-widget elementor-widget-heading\" data-id=\"86b4103\" data-element_type=\"widget\" data-widget_type=\"heading.default\">\n\t\t\t\t<div class=\"elementor-widget-container\">\n\t\t\t<h3 class=\"elementor-heading-title elementor-size-default\">Who we are<\/h3>\t\t<\/div>\n\t\t\t\t<\/div>\n\t\t\t\t\t\t<\/div>\n\t\t\t\t\t<\/div>\n\t\t<\/div>\n\t\t\t\t\t\t\t\t<\/div>\n\t\t\t\t\t<\/div>\n\t\t<\/section>\n\t\t\t\t<section class=\"elementor-section elementor-top-section elementor-element elementor-element-5ae05c7 elementor-section-boxed elementor-section-height-default elementor-section-height-default\" data-id=\"5ae05c7\" data-element_type=\"section\" data-settings=\"{&quot;_ha_eqh_enable&quot;:false}\">\n\t\t\t\t\t\t<div class=\"elementor-container elementor-column-gap-default\">\n\t\t\t\t\t\t\t<div class=\"elementor-row\">\n\t\t\t\t\t<div class=\"elementor-column elementor-col-100 elementor-top-column elementor-element elementor-element-68ff74e\" data-id=\"68ff74e\" data-element_type=\"column\">\n\t\t\t<div class=\"elementor-column-wrap elementor-element-populated\">\n\t\t\t\t\t\t\t<div class=\"elementor-widget-wrap\">\n\t\t\t\t\t\t<div class=\"elementor-element elementor-element-290e61e elementor-widget elementor-widget-text-editor\" data-id=\"290e61e\" data-element_type=\"widget\" data-widget_type=\"text-editor.default\">\n\t\t\t\t<div class=\"elementor-widget-container\">\n\t\t\t\t\t\t\t\t<div class=\"elementor-text-editor elementor-clearfix\">\n\t\t\t\t<p>FP Progetti Italia Srl Unip., owner of the brand SANICARTER, is a company founded in 2003 in Bressanone (BZ) Alto Adige - South Tyrol. Through its innovative spirit and its innate desire to create quality products able to meet the various needs of its customers, over the years it has managed to create cutting-edge products, both in the field of communication, personal care and the protection of the health of the individual in what appears to be daily social life.<\/p><p>\nThrough a close and consolidated network of partnerships with producers of the highest quality raw materials (certified), FP Progetti Italia Srl Unip., is able to offer unique solutions and products protected by patent pending.<\/p><p>\nOur mission is to offer new solutions, one step ahead of what the standard market can offer. It is our mission to conceive and make materially available a product able to be concretely useful to others, in this we invest all our energies.<\/p><p>\nThrough a staff of collaborators with experience in their field, we are able to create products and services appreciated by our esteemed customers.<br>\nInnovation, quality, punctuality and after-sales service are our flagship.<\/p>\t\t\t\t\t<\/div>\n\t\t\t\t\t\t<\/div>\n\t\t\t\t<\/div>\n\t\t\t\t\t\t<\/div>\n\t\t\t\t\t<\/div>\n\t\t<\/div>\n\t\t\t\t\t\t\t\t<\/div>\n\t\t\t\t\t<\/div>\n\t\t<\/section>\n\t\t\t\t\t\t\t\t\t<\/div>\n\t\t\t<\/div>\n\t\t\t\t\t<\/div>","protected":false},"excerpt":{"rendered":"<p>Chi siamo FP Progetti Italia Srl Unip., proprietaria del marchio SANICARTER, \u00e8 un\u2019impresa che nasce nel 2003 a Bressanone (BZ) Alto Adige. Grazie allo spirito innovativo e l\u2019innata volont\u00e0 di realizzare prodotti di qualit\u00e0 in grado di soddisfare svariate esigenze della propria clientela, nel corso degli anni \u00e8 riuscita a dar vita a prodotti all\u2019avanguardia, &hellip;<\/p>\n<p class=\"read-more\"> <a class=\"\" href=\"https:\/\/sanicarter.it\/en\/about-us\/\"> <span class=\"screen-reader-text\">Who we are<\/span> Read More &raquo;<\/a><\/p>","protected":false},"author":1,"featured_media":0,"parent":0,"menu_order":0,"comment_status":"closed","ping_status":"closed","template":"","meta":{"site-sidebar-layout":"no-sidebar","site-content-layout":"page-builder","ast-global-header-display":"","ast-main-header-display":"","ast-hfb-above-header-display":"","ast-hfb-below-header-display":"","ast-hfb-mobile-header-display":"","site-post-title":"disabled","ast-breadcrumbs-content":"","ast-featured-img":"disabled","footer-sml-layout":"","theme-transparent-header-meta":"default","adv-header-id-meta":"","stick-header-meta":"default","header-above-stick-meta":"","header-main-stick-meta":"","header-below-stick-meta":""},"_links":{"self":[{"href":"https:\/\/sanicarter.it\/en\/wp-json\/wp\/v2\/pages\/1279"}],"collection":[{"href":"https:\/\/sanicarter.it\/en\/wp-json\/wp\/v2\/pages"}],"about":[{"href":"https:\/\/sanicarter.it\/en\/wp-json\/wp\/v2\/types\/page"}],"author":[{"embeddable":true,"href":"https:\/\/sanicarter.it\/en\/wp-json\/wp\/v2\/users\/1"}],"replies":[{"embeddable":true,"href":"https:\/\/sanicarter.it\/en\/wp-json\/wp\/v2\/comments?post=1279"}],"version-history":[{"count":3,"href":"https:\/\/sanicarter.it\/en\/wp-json\/wp\/v2\/pages\/1279\/revisions"}],"predecessor-version":[{"id":2541,"href":"https:\/\/sanicarter.it\/en\/wp-json\/wp\/v2\/pages\/1279\/revisions\/2541"}],"wp:attachment":[{"href":"https:\/\/sanicarter.it\/en\/wp-json\/wp\/v2\/media?parent=1279"}],"curies":[{"name":"wp","href":"https:\/\/api.w.org\/{rel}","templated":true}]}}